{"id":1384,"date":"2023-05-09T06:51:03","date_gmt":"2023-05-09T06:51:03","guid":{"rendered":"https:\/\/stoi.vanille-naturelle.com\/?page_id=1384"},"modified":"2023-05-18T19:39:04","modified_gmt":"2023-05-18T16:39:04","slug":"zone-de-presse","status":"publish","type":"page","link":"https:\/\/vanille-naturelle.com\/en\/zone-de-presse\/","title":{"rendered":"Blog"},"content":{"rendered":"<div data-elementor-type=\"wp-page\" data-elementor-id=\"1384\" class=\"elementor elementor-1384\" data-elementor-post-type=\"page\">\n\t\t\t\t<div class=\"elementor-element elementor-element-3c73e2a e-flex e-con-boxed e-con e-parent\" data-id=\"3c73e2a\" data-element_type=\"container\" data-settings=\"{&quot;background_background&quot;:&quot;classic&quot;}\">\n\t\t\t\t\t<div class=\"e-con-inner\">\n\t\t\t\t<div class=\"elementor-element elementor-element-8f4ae89 elementor-widget-tablet__width-inherit elementor-widget elementor-widget-heading\" data-id=\"8f4ae89\" data-element_type=\"widget\" data-widget_type=\"heading.default\">\n\t\t\t\t<div class=\"elementor-widget-container\">\n\t\t\t\t\t<h2 class=\"elementor-heading-title elementor-size-default\">Blog<\/h2>\t\t\t\t<\/div>\n\t\t\t\t<\/div>\n\t\t\t\t<div class=\"elementor-element elementor-element-f47a32b elementor-widget__width-initial elementor-widget-tablet__width-inherit elementor-widget elementor-widget-text-editor\" data-id=\"f47a32b\" data-element_type=\"widget\" data-widget_type=\"text-editor.default\">\n\t\t\t\t<div class=\"elementor-widget-container\">\n\t\t\t\t\t\t\t\t\t<p class=\"translation-block\">Discover all the latest news and events related to our activities, as well as our latest <strong><span style=\"color: #daa520\">collaborations<\/strong> <\/span>, <strong><span style=\"color: #daa520\">innovations<\/strong> <\/span>, and achievements. Stay informed about the world of vanilla and agriculture in Madagascar by regularly visiting our press area.<\/p>\t\t\t\t\t\t\t\t<\/div>\n\t\t\t\t<\/div>\n\t\t\t\t\t<\/div>\n\t\t\t\t<\/div>\n\t\t<div class=\"elementor-element elementor-element-baff8bf e-flex e-con-boxed e-con e-parent\" data-id=\"baff8bf\" data-element_type=\"container\">\n\t\t\t\t\t<div class=\"e-con-inner\">\n\t\t\t\t<div class=\"elementor-element elementor-element-5d34afa elementor-grid-tablet-3 elementor-grid-3 elementor-grid-mobile-1 elementor-posts--thumbnail-top elementor-card-shadow-yes elementor-posts__hover-gradient elementor-widget elementor-widget-posts\" data-id=\"5d34afa\" data-element_type=\"widget\" data-settings=\"{&quot;cards_columns_tablet&quot;:&quot;3&quot;,&quot;cards_columns&quot;:&quot;3&quot;,&quot;cards_columns_mobile&quot;:&quot;1&quot;,&quot;cards_row_gap&quot;:{&quot;unit&quot;:&quot;px&quot;,&quot;size&quot;:35,&quot;sizes&quot;:[]},&quot;cards_row_gap_widescreen&quot;:{&quot;unit&quot;:&quot;px&quot;,&quot;size&quot;:&quot;&quot;,&quot;sizes&quot;:[]},&quot;cards_row_gap_tablet&quot;:{&quot;unit&quot;:&quot;px&quot;,&quot;size&quot;:&quot;&quot;,&quot;sizes&quot;:[]},&quot;cards_row_gap_mobile&quot;:{&quot;unit&quot;:&quot;px&quot;,&quot;size&quot;:&quot;&quot;,&quot;sizes&quot;:[]}}\" data-widget_type=\"posts.cards\">\n\t\t\t\t<div class=\"elementor-widget-container\">\n\t\t\t\t\t\t\t<div class=\"elementor-posts-container elementor-posts elementor-posts--skin-cards elementor-grid\">\n\t\t\t\t<article class=\"elementor-post elementor-grid-item post-3971 post type-post status-publish format-standard has-post-thumbnail hentry category-fertilisants category-foire category-groupe-stoi category-haricots-blancs category-island-of-madagascar category-litchis category-pois-du-cap category-produits-bio-de-madagascar category-riz category-stoi-agri tag-foire-internationale-de-lagriculture tag-foire-madagascar\">\n\t\t\t<div class=\"elementor-post__card\">\n\t\t\t\t<a class=\"elementor-post__thumbnail__link\" href=\"https:\/\/vanille-naturelle.com\/en\/2023\/09\/21\/foire-internationale-de-lagriculture-madagascar\/\" tabindex=\"-1\" ><div class=\"elementor-post__thumbnail\"><img fetchpriority=\"high\" decoding=\"async\" width=\"768\" height=\"600\" src=\"https:\/\/vanille-naturelle.com\/wp-content\/uploads\/2023\/09\/FIA-madagascar-Stoi-agri-768x600.webp\" class=\"attachment-medium_large size-medium_large wp-image-3972\" alt=\"Foire internationale de l&#039;agriculture\" srcset=\"https:\/\/vanille-naturelle.com\/wp-content\/uploads\/2023\/09\/FIA-madagascar-Stoi-agri-768x600.webp 768w, https:\/\/vanille-naturelle.com\/wp-content\/uploads\/2023\/09\/FIA-madagascar-Stoi-agri-300x234.webp 300w, https:\/\/vanille-naturelle.com\/wp-content\/uploads\/2023\/09\/FIA-madagascar-Stoi-agri-1024x800.webp 1024w, https:\/\/vanille-naturelle.com\/wp-content\/uploads\/2023\/09\/FIA-madagascar-Stoi-agri-1536x1200.webp 1536w, https:\/\/vanille-naturelle.com\/wp-content\/uploads\/2023\/09\/FIA-madagascar-Stoi-agri-15x12.webp 15w, https:\/\/vanille-naturelle.com\/wp-content\/uploads\/2023\/09\/FIA-madagascar-Stoi-agri.webp 1600w\" sizes=\"(max-width: 768px) 100vw, 768px\" \/><\/div><\/a>\n\t\t\t\t<div class=\"elementor-post__text\">\n\t\t\t\t<h3 class=\"elementor-post__title\">\n\t\t\t<a href=\"https:\/\/vanille-naturelle.com\/en\/2023\/09\/21\/foire-internationale-de-lagriculture-madagascar\/\" >\n\t\t\t\tFoire internationale de l&rsquo;agriculture Madagascar\t\t\t<\/a>\n\t\t<\/h3>\n\t\t\t\t<div class=\"elementor-post__excerpt\">\n\t\t\t<p>Foire internationale de l&rsquo;agriculture Nous sommes ravis de vous annoncer que Stoi Agri participera \u00e0 la Foire Internationale de l&rsquo;Agriculture Madagascar (FIA), qui se tiendra<\/p>\n\t\t<\/div>\n\t\t\n\t\t<a class=\"elementor-post__read-more\" href=\"https:\/\/vanille-naturelle.com\/en\/2023\/09\/21\/foire-internationale-de-lagriculture-madagascar\/\" aria-label=\"Read more about Foire internationale de l&rsquo;agriculture Madagascar\" tabindex=\"-1\" >\n\t\t\tLire \u00bb\t\t<\/a>\n\n\t\t\t\t<\/div>\n\t\t\t\t<div class=\"elementor-post__meta-data\">\n\t\t\t\t\t<span class=\"elementor-post-date\">\n\t\t\tSeptember 21, 2023\t\t<\/span>\n\t\t\t\t<\/div>\n\t\t\t\t\t<\/div>\n\t\t<\/article>\n\t\t\t\t<article class=\"elementor-post elementor-grid-item post-3917 post type-post status-publish format-standard has-post-thumbnail hentry category-developpement-durable-madagascar category-groupe-stoi category-produits-bio-de-madagascar category-stoi-agri tag-developpement-durable-madagascar tag-stoi-madagascar\">\n\t\t\t<div class=\"elementor-post__card\">\n\t\t\t\t<a class=\"elementor-post__thumbnail__link\" href=\"https:\/\/vanille-naturelle.com\/en\/2023\/06\/15\/agregation-agricole-engagement-du-groupe-stoi-a-partager-les-risques\/\" tabindex=\"-1\" ><div class=\"elementor-post__thumbnail\"><img decoding=\"async\" width=\"768\" height=\"432\" src=\"https:\/\/vanille-naturelle.com\/wp-content\/uploads\/2023\/06\/Post-001-768x432.jpg\" class=\"attachment-medium_large size-medium_large wp-image-3918\" alt=\"Stoi Faq\" srcset=\"https:\/\/vanille-naturelle.com\/wp-content\/uploads\/2023\/06\/Post-001-768x432.jpg 768w, https:\/\/vanille-naturelle.com\/wp-content\/uploads\/2023\/06\/Post-001-300x169.jpg 300w, https:\/\/vanille-naturelle.com\/wp-content\/uploads\/2023\/06\/Post-001-1024x576.jpg 1024w, https:\/\/vanille-naturelle.com\/wp-content\/uploads\/2023\/06\/Post-001-1536x864.jpg 1536w, https:\/\/vanille-naturelle.com\/wp-content\/uploads\/2023\/06\/Post-001-18x10.jpg 18w, https:\/\/vanille-naturelle.com\/wp-content\/uploads\/2023\/06\/Post-001-600x338.jpg 600w, https:\/\/vanille-naturelle.com\/wp-content\/uploads\/2023\/06\/Post-001.jpg 1600w\" sizes=\"(max-width: 768px) 100vw, 768px\" \/><\/div><\/a>\n\t\t\t\t<div class=\"elementor-post__text\">\n\t\t\t\t<h3 class=\"elementor-post__title\">\n\t\t\t<a href=\"https:\/\/vanille-naturelle.com\/en\/2023\/06\/15\/agregation-agricole-engagement-du-groupe-stoi-a-partager-les-risques\/\" >\n\t\t\t\tAgr\u00e9gation agricole :\u00a0Engagement du groupe STOI \u00e0 partager les risques\t\t\t<\/a>\n\t\t<\/h3>\n\t\t\t\t<div class=\"elementor-post__excerpt\">\n\t\t\t<p>Les avantages de la mise en application de la loi sur l\u2019agr\u00e9gation agricole \u00e0 Madagascar. C\u2019est l\u2019une des th\u00e9matiques faisant l\u2019objet de d\u00e9bat lors de la 2e \u00e9dition du Forum B2B&#8230;<\/p>\n\t\t<\/div>\n\t\t\n\t\t<a class=\"elementor-post__read-more\" href=\"https:\/\/vanille-naturelle.com\/en\/2023\/06\/15\/agregation-agricole-engagement-du-groupe-stoi-a-partager-les-risques\/\" aria-label=\"Read more about Agr\u00e9gation agricole :\u00a0Engagement du groupe STOI \u00e0 partager les risques\" tabindex=\"-1\" >\n\t\t\tLire \u00bb\t\t<\/a>\n\n\t\t\t\t<\/div>\n\t\t\t\t<div class=\"elementor-post__meta-data\">\n\t\t\t\t\t<span class=\"elementor-post-date\">\n\t\t\tJune 15, 2023\t\t<\/span>\n\t\t\t\t<\/div>\n\t\t\t\t\t<\/div>\n\t\t<\/article>\n\t\t\t\t<article class=\"elementor-post elementor-grid-item post-3910 post type-post status-publish format-standard has-post-thumbnail hentry category-island-of-madagascar category-madagascar-vanilla category-vanilla-planifolia tag-aroma tag-best-in-the-world tag-beverages tag-chefs tag-communities tag-coveted-vanilla tag-culinary tag-culinary-creations tag-culinary-heritage tag-cultivation tag-cultural-heritage tag-delicate-taste tag-desserts tag-dishes tag-drying tag-economic-impact tag-enchanted tag-environmentally-friendly-production tag-exceptional-quality tag-exquisite tag-exquisite-flavors tag-fermentation tag-flavor-profile tag-floral tag-fragrance tag-gastronomy tag-hand-picked tag-high-quality-standards tag-highly-regarded tag-island-of-madagascar tag-madagascar-vanilla tag-malagasy-farmers tag-maturation tag-natural-resources tag-passion tag-pastries tag-pastry-world tag-preparation-process tag-purchase tag-queen-of-vanillas tag-responsible-farming-practices tag-rural-communities tag-sensory-experience tag-size tag-social-impact tag-sought-after-ingredient tag-subtle tag-sustainable-development tag-sustainable-income tag-sustainable-industry tag-sweet-notes tag-touch-of-madagascar tag-traditions tag-vanilla-planifolia tag-vanillin-content tag-velvety tag-woody\">\n\t\t\t<div class=\"elementor-post__card\">\n\t\t\t\t<a class=\"elementor-post__thumbnail__link\" href=\"https:\/\/vanille-naturelle.com\/en\/2023\/06\/02\/madagascar-vanilla\/\" tabindex=\"-1\" ><div class=\"elementor-post__thumbnail\"><img decoding=\"async\" width=\"768\" height=\"509\" src=\"https:\/\/vanille-naturelle.com\/wp-content\/uploads\/2023\/06\/Madagascar-Stoi-vanille-naturelle-768x509.jpg\" class=\"attachment-medium_large size-medium_large wp-image-3912\" alt=\"\" srcset=\"https:\/\/vanille-naturelle.com\/wp-content\/uploads\/2023\/06\/Madagascar-Stoi-vanille-naturelle-768x509.jpg 768w, https:\/\/vanille-naturelle.com\/wp-content\/uploads\/2023\/06\/Madagascar-Stoi-vanille-naturelle-300x199.jpg 300w, https:\/\/vanille-naturelle.com\/wp-content\/uploads\/2023\/06\/Madagascar-Stoi-vanille-naturelle-1024x678.jpg 1024w, https:\/\/vanille-naturelle.com\/wp-content\/uploads\/2023\/06\/Madagascar-Stoi-vanille-naturelle-18x12.jpg 18w, https:\/\/vanille-naturelle.com\/wp-content\/uploads\/2023\/06\/Madagascar-Stoi-vanille-naturelle.jpg 1280w\" sizes=\"(max-width: 768px) 100vw, 768px\" \/><\/div><\/a>\n\t\t\t\t<div class=\"elementor-post__text\">\n\t\t\t\t<h3 class=\"elementor-post__title\">\n\t\t\t<a href=\"https:\/\/vanille-naturelle.com\/en\/2023\/06\/02\/madagascar-vanilla\/\" >\n\t\t\t\tMadagascar vanilla\t\t\t<\/a>\n\t\t<\/h3>\n\t\t\t\t<div class=\"elementor-post__excerpt\">\n\t\t\t<p>Vanilla planifolia, also known as Madagascar vanilla, is a variety of vanilla that has captured the world with its exquisite aroma and delicate taste. Originating<\/p>\n\t\t<\/div>\n\t\t\n\t\t<a class=\"elementor-post__read-more\" href=\"https:\/\/vanille-naturelle.com\/en\/2023\/06\/02\/madagascar-vanilla\/\" aria-label=\"Read more about Madagascar vanilla\" tabindex=\"-1\" >\n\t\t\tLire \u00bb\t\t<\/a>\n\n\t\t\t\t<\/div>\n\t\t\t\t<div class=\"elementor-post__meta-data\">\n\t\t\t\t\t<span class=\"elementor-post-date\">\n\t\t\tJune 2, 2023\t\t<\/span>\n\t\t\t\t<\/div>\n\t\t\t\t\t<\/div>\n\t\t<\/article>\n\t\t\t\t<article class=\"elementor-post elementor-grid-item post-2048 post type-post status-publish format-standard has-post-thumbnail hentry category-developpement-durable-madagascar category-produits-bio-de-madagascar category-stoi-agri category-vanille\">\n\t\t\t<div class=\"elementor-post__card\">\n\t\t\t\t<a class=\"elementor-post__thumbnail__link\" href=\"https:\/\/vanille-naturelle.com\/en\/2023\/05\/17\/vanilla-planifolia-de-madagascar-la-reine-des-vanilles\/\" tabindex=\"-1\" ><div class=\"elementor-post__thumbnail\"><img loading=\"lazy\" decoding=\"async\" width=\"768\" height=\"512\" src=\"https:\/\/vanille-naturelle.com\/wp-content\/uploads\/2023\/05\/madagascar-4601292_1280-768x512.jpg\" class=\"attachment-medium_large size-medium_large wp-image-3913\" alt=\"\" srcset=\"https:\/\/vanille-naturelle.com\/wp-content\/uploads\/2023\/05\/madagascar-4601292_1280-768x512.jpg 768w, https:\/\/vanille-naturelle.com\/wp-content\/uploads\/2023\/05\/madagascar-4601292_1280-300x200.jpg 300w, https:\/\/vanille-naturelle.com\/wp-content\/uploads\/2023\/05\/madagascar-4601292_1280-1024x682.jpg 1024w, https:\/\/vanille-naturelle.com\/wp-content\/uploads\/2023\/05\/madagascar-4601292_1280-18x12.jpg 18w, https:\/\/vanille-naturelle.com\/wp-content\/uploads\/2023\/05\/madagascar-4601292_1280.jpg 1280w\" sizes=\"(max-width: 768px) 100vw, 768px\" \/><\/div><\/a>\n\t\t\t\t<div class=\"elementor-post__text\">\n\t\t\t\t<h3 class=\"elementor-post__title\">\n\t\t\t<a href=\"https:\/\/vanille-naturelle.com\/en\/2023\/05\/17\/vanilla-planifolia-de-madagascar-la-reine-des-vanilles\/\" >\n\t\t\t\tVanilla planifolia de Madagascar : La reine des vanilles\t\t\t<\/a>\n\t\t<\/h3>\n\t\t\t\t<div class=\"elementor-post__excerpt\">\n\t\t\t<p>La Vanilla planifolia, \u00e9galement connue sous le nom de vanille de Madagascar, est une vari\u00e9t\u00e9 de vanille qui a conquis le monde avec son ar\u00f4me<\/p>\n\t\t<\/div>\n\t\t\n\t\t<a class=\"elementor-post__read-more\" href=\"https:\/\/vanille-naturelle.com\/en\/2023\/05\/17\/vanilla-planifolia-de-madagascar-la-reine-des-vanilles\/\" aria-label=\"Read more about Vanilla planifolia de Madagascar : La reine des vanilles\" tabindex=\"-1\" >\n\t\t\tLire \u00bb\t\t<\/a>\n\n\t\t\t\t<\/div>\n\t\t\t\t<div class=\"elementor-post__meta-data\">\n\t\t\t\t\t<span class=\"elementor-post-date\">\n\t\t\tMay 17, 2023\t\t<\/span>\n\t\t\t\t<\/div>\n\t\t\t\t\t<\/div>\n\t\t<\/article>\n\t\t\t\t<article class=\"elementor-post elementor-grid-item post-2045 post type-post status-publish format-standard has-post-thumbnail hentry category-developpement-durable-madagascar category-produits-bio-de-madagascar category-stoi-agri\">\n\t\t\t<div class=\"elementor-post__card\">\n\t\t\t\t<a class=\"elementor-post__thumbnail__link\" href=\"https:\/\/vanille-naturelle.com\/en\/2023\/05\/17\/madagascar-une-perle-de-biodiversite-a-preserver\/\" tabindex=\"-1\" ><div class=\"elementor-post__thumbnail\"><img loading=\"lazy\" decoding=\"async\" width=\"768\" height=\"512\" src=\"https:\/\/vanille-naturelle.com\/wp-content\/uploads\/2023\/05\/7xm.xyz566620-768x512.jpg\" class=\"attachment-medium_large size-medium_large wp-image-2046\" alt=\"Madagascar : Une perle de biodiversit\u00e9 \u00e0 pr\u00e9server\" srcset=\"https:\/\/vanille-naturelle.com\/wp-content\/uploads\/2023\/05\/7xm.xyz566620-768x512.jpg 768w, https:\/\/vanille-naturelle.com\/wp-content\/uploads\/2023\/05\/7xm.xyz566620-300x200.jpg 300w, https:\/\/vanille-naturelle.com\/wp-content\/uploads\/2023\/05\/7xm.xyz566620-1024x683.jpg 1024w, https:\/\/vanille-naturelle.com\/wp-content\/uploads\/2023\/05\/7xm.xyz566620-1536x1024.jpg 1536w, https:\/\/vanille-naturelle.com\/wp-content\/uploads\/2023\/05\/7xm.xyz566620.jpg 2048w\" sizes=\"(max-width: 768px) 100vw, 768px\" \/><\/div><\/a>\n\t\t\t\t<div class=\"elementor-post__text\">\n\t\t\t\t<h3 class=\"elementor-post__title\">\n\t\t\t<a href=\"https:\/\/vanille-naturelle.com\/en\/2023\/05\/17\/madagascar-une-perle-de-biodiversite-a-preserver\/\" >\n\t\t\t\tMadagascar : Une perle de biodiversit\u00e9 \u00e0 pr\u00e9server\t\t\t<\/a>\n\t\t<\/h3>\n\t\t\t\t<div class=\"elementor-post__excerpt\">\n\t\t\t<p>Situ\u00e9e au large de la c\u00f4te est de l&rsquo;Afrique, Madagascar est une \u00eele unique en son genre. Connue pour sa riche biodiversit\u00e9 et ses paysages<\/p>\n\t\t<\/div>\n\t\t\n\t\t<a class=\"elementor-post__read-more\" href=\"https:\/\/vanille-naturelle.com\/en\/2023\/05\/17\/madagascar-une-perle-de-biodiversite-a-preserver\/\" aria-label=\"Read more about Madagascar : Une perle de biodiversit\u00e9 \u00e0 pr\u00e9server\" tabindex=\"-1\" >\n\t\t\tLire \u00bb\t\t<\/a>\n\n\t\t\t\t<\/div>\n\t\t\t\t<div class=\"elementor-post__meta-data\">\n\t\t\t\t\t<span class=\"elementor-post-date\">\n\t\t\tMay 17, 2023\t\t<\/span>\n\t\t\t\t<\/div>\n\t\t\t\t\t<\/div>\n\t\t<\/article>\n\t\t\t\t<article class=\"elementor-post elementor-grid-item post-2040 post type-post status-publish format-standard has-post-thumbnail hentry category-developpement-durable-madagascar category-groupe-stoi category-produits-bio-de-madagascar category-stoi-agri\">\n\t\t\t<div class=\"elementor-post__card\">\n\t\t\t\t<a class=\"elementor-post__thumbnail__link\" href=\"https:\/\/vanille-naturelle.com\/en\/2023\/05\/17\/cultiver-lavenir-avec-passion-et-responsabilite\/\" tabindex=\"-1\" ><div class=\"elementor-post__thumbnail\"><img loading=\"lazy\" decoding=\"async\" width=\"768\" height=\"513\" src=\"https:\/\/vanille-naturelle.com\/wp-content\/uploads\/2023\/05\/7xm.xyz221069-768x513.jpg\" class=\"attachment-medium_large size-medium_large wp-image-1034\" alt=\"Riz de Madagascar\" srcset=\"https:\/\/vanille-naturelle.com\/wp-content\/uploads\/2023\/05\/7xm.xyz221069-768x513.jpg 768w, https:\/\/vanille-naturelle.com\/wp-content\/uploads\/2023\/05\/7xm.xyz221069-300x200.jpg 300w, https:\/\/vanille-naturelle.com\/wp-content\/uploads\/2023\/05\/7xm.xyz221069-1024x684.jpg 1024w, https:\/\/vanille-naturelle.com\/wp-content\/uploads\/2023\/05\/7xm.xyz221069-1536x1025.jpg 1536w, https:\/\/vanille-naturelle.com\/wp-content\/uploads\/2023\/05\/7xm.xyz221069.jpg 2048w\" sizes=\"(max-width: 768px) 100vw, 768px\" \/><\/div><\/a>\n\t\t\t\t<div class=\"elementor-post__text\">\n\t\t\t\t<h3 class=\"elementor-post__title\">\n\t\t\t<a href=\"https:\/\/vanille-naturelle.com\/en\/2023\/05\/17\/cultiver-lavenir-avec-passion-et-responsabilite\/\" >\n\t\t\t\tCultiver l&rsquo;avenir avec passion et responsabilit\u00e9\t\t\t<\/a>\n\t\t<\/h3>\n\t\t\t\t<div class=\"elementor-post__excerpt\">\n\t\t\t<p>STOI Agri : Cultiver l&rsquo;avenir avec passion et responsabilit\u00e9 Madagascar, une \u00eele aux richesses naturelles exceptionnelles, regorge de tr\u00e9sors agricoles. Au c\u0153ur de cette diversit\u00e9,<\/p>\n\t\t<\/div>\n\t\t\n\t\t<a class=\"elementor-post__read-more\" href=\"https:\/\/vanille-naturelle.com\/en\/2023\/05\/17\/cultiver-lavenir-avec-passion-et-responsabilite\/\" aria-label=\"Read more about Cultiver l&rsquo;avenir avec passion et responsabilit\u00e9\" tabindex=\"-1\" >\n\t\t\tLire \u00bb\t\t<\/a>\n\n\t\t\t\t<\/div>\n\t\t\t\t<div class=\"elementor-post__meta-data\">\n\t\t\t\t\t<span class=\"elementor-post-date\">\n\t\t\tMay 17, 2023\t\t<\/span>\n\t\t\t\t<\/div>\n\t\t\t\t\t<\/div>\n\t\t<\/article>\n\t\t\t\t<\/div>\n\t\t\n\t\t\t\t\t\t<\/div>\n\t\t\t\t<\/div>\n\t\t\t\t\t<\/div>\n\t\t\t\t<\/div>\n\t\t\t\t<\/div>","protected":false},"excerpt":{"rendered":"<p>Zone de presse D\u00e9couvrez toutes les actualit\u00e9s et les\u00e9v\u00e9nements li\u00e9s \u00e0 notre activit\u00e9, ainsi quenos derni\u00e8res collaborations, innovations etr\u00e9alisations. Restez inform\u00e9 sur l&rsquo;univers de la vanille et de l&rsquo;agriculture \u00e0 Madagascar en consultant r\u00e9guli\u00e8rement notre zone depresse.<\/p>","protected":false},"author":7,"featured_media":0,"parent":0,"menu_order":0,"comment_status":"closed","ping_status":"closed","template":"","meta":{"footnotes":""},"class_list":["post-1384","page","type-page","status-publish","hentry"],"aioseo_notices":[],"_links":{"self":[{"href":"https:\/\/vanille-naturelle.com\/en\/wp-json\/wp\/v2\/pages\/1384","targetHints":{"allow":["GET"]}}],"collection":[{"href":"https:\/\/vanille-naturelle.com\/en\/wp-json\/wp\/v2\/pages"}],"about":[{"href":"https:\/\/vanille-naturelle.com\/en\/wp-json\/wp\/v2\/types\/page"}],"author":[{"embeddable":true,"href":"https:\/\/vanille-naturelle.com\/en\/wp-json\/wp\/v2\/users\/7"}],"replies":[{"embeddable":true,"href":"https:\/\/vanille-naturelle.com\/en\/wp-json\/wp\/v2\/comments?post=1384"}],"version-history":[{"count":0,"href":"https:\/\/vanille-naturelle.com\/en\/wp-json\/wp\/v2\/pages\/1384\/revisions"}],"wp:attachment":[{"href":"https:\/\/vanille-naturelle.com\/en\/wp-json\/wp\/v2\/media?parent=1384"}],"curies":[{"name":"wp","href":"https:\/\/api.w.org\/{rel}","templated":true}]}}