{"id":2116,"date":"2023-05-17T08:23:00","date_gmt":"2023-05-17T08:23:00","guid":{"rendered":"https:\/\/stoi.vanille-naturelle.com\/?page_id=2116"},"modified":"2023-05-19T21:38:47","modified_gmt":"2023-05-19T18:38:47","slug":"conditions-generales-dutilisation-cgu","status":"publish","type":"page","link":"https:\/\/vanille-naturelle.com\/en\/conditions-generales-dutilisation-cgu\/","title":{"rendered":"Terms of Use"},"content":{"rendered":"<div data-elementor-type=\"wp-page\" data-elementor-id=\"2116\" class=\"elementor elementor-2116\" data-elementor-post-type=\"page\">\n\t\t\t\t<div class=\"elementor-element elementor-element-362c9e7 e-flex e-con-boxed e-con e-parent\" data-id=\"362c9e7\" data-element_type=\"container\" data-settings=\"{&quot;background_background&quot;:&quot;classic&quot;}\">\n\t\t\t\t\t<div class=\"e-con-inner\">\n\t\t\t\t<div class=\"elementor-element elementor-element-b994a5f elementor-widget elementor-widget-spacer\" data-id=\"b994a5f\" data-element_type=\"widget\" data-widget_type=\"spacer.default\">\n\t\t\t\t<div class=\"elementor-widget-container\">\n\t\t\t\t\t\t\t<div class=\"elementor-spacer\">\n\t\t\t<div class=\"elementor-spacer-inner\"><\/div>\n\t\t<\/div>\n\t\t\t\t\t\t<\/div>\n\t\t\t\t<\/div>\n\t\t\t\t\t<\/div>\n\t\t\t\t<\/div>\n\t\t<div class=\"elementor-element elementor-element-68a682f e-flex e-con-boxed e-con e-parent\" data-id=\"68a682f\" data-element_type=\"container\" data-settings=\"{&quot;background_background&quot;:&quot;classic&quot;}\">\n\t\t\t\t\t<div class=\"e-con-inner\">\n\t\t\t\t<div class=\"elementor-element elementor-element-2fa9492 elementor-widget__width-inherit elementor-widget elementor-widget-heading\" data-id=\"2fa9492\" data-element_type=\"widget\" data-widget_type=\"heading.default\">\n\t\t\t\t<div class=\"elementor-widget-container\">\n\t\t\t\t\t<h2 class=\"elementor-heading-title elementor-size-default\">Terms of Use<\/h2>\t\t\t\t<\/div>\n\t\t\t\t<\/div>\n\t\t\t\t<div class=\"elementor-element elementor-element-89cab75 elementor-widget elementor-widget-text-editor\" data-id=\"89cab75\" data-element_type=\"widget\" data-widget_type=\"text-editor.default\">\n\t\t\t\t<div class=\"elementor-widget-container\">\n\t\t\t\t\t\t\t\t\tWelcome to Vanille-Naturelle.com.\n\nThese Terms of Use govern your use of the website Vanille-Naturelle.com (hereinafter referred to as the \"Site\"), owned by Stoi SARL (hereinafter referred to as \"we,\" \"our,\" or \"us\").\n\nPlease read these Terms of Use carefully before using the Site. By accessing the Site, you agree to be bound by these Terms of Use. If you do not agree to these Terms of Use, please do not use the Site.\n<ol>\n \t<li>\n<h3>Site Description<\/h3>\nVanille-Naturelle.com is an online showcase website that provides information, products, and services related to natural vanilla. Our goal is to provide accurate and high-quality information to our visitors, as well as the opportunity to contact us for any inquiries or questions.<\/li>\n \t<li>\n<h3>Site Usage<\/h3>\n<h6>2.1 Use of Contact Forms<\/h6>\nThe Site offers contact forms to facilitate communication between our visitors and us. When using these forms, you agree to provide accurate, complete, and up-to-date information. We reserve the right not to respond to any incomplete, inaccurate, or abusive requests.\n<h6>2.2 Proper Use<\/h6>\nYou agree to use the Site in accordance with applicable laws and regulations and not to use the Site for illegal, fraudulent, or abusive purposes. You agree not to disrupt, damage, or compromise the operation of the Site, including its features, security, and accessibility.<\/li>\n<\/ol>\n<ol start=\"3\">\n \t<li>\n<h3>Intellectual Property<\/h3>\nAll content present on the Site, such as texts, images, videos, logos, and graphics, is the property of Stoi SARL or its licensors and is protected by intellectual property laws. You agree not to copy, reproduce, distribute, or use such content without our prior written authorization.<\/li>\n \t<li>\n<h3>Links to Third-Party Websites<\/h3>\nThe Site may contain links to third-party websites. These links are provided for convenience, and we have no control over the content or practices of these sites. We disclaim any responsibility for these third-party sites, and you are responsible for reviewing and accepting the terms of use of these sites before using them.<\/li>\n \t<li>\n<h3>Limitation of Liability<\/h3>\nWe strive to keep the Site accessible, accurate, and up to date, but we do not guarantee uninterrupted operation, reliability, completeness, or accuracy. To the extent permitted by law, we disclaim any liability for direct, indirect, special, consequential, or punitive damages resulting from your use or inability to use the Site.<\/li>\n \t<li>\n<h3>Modification of Terms of Use<\/h3>\nWe reserve the right to modify these Terms of Use at any time. Any changes will be effective upon publication on the Site. It is your responsibility to regularly review the Terms of Use to become aware of any modifications.<\/li>\n<\/ol>\t\t\t\t\t\t\t\t<\/div>\n\t\t\t\t<\/div>\n\t\t\t\t<div class=\"elementor-element elementor-element-46167f4 elementor-widget__width-initial elementor-view-default elementor-position-top elementor-mobile-position-top elementor-widget elementor-widget-icon-box\" data-id=\"46167f4\" data-element_type=\"widget\" data-widget_type=\"icon-box.default\">\n\t\t\t\t<div class=\"elementor-widget-container\">\n\t\t\t\t\t\t\t<div class=\"elementor-icon-box-wrapper\">\n\n\t\t\t\t\t\t<div class=\"elementor-icon-box-icon\">\n\t\t\t\t<a href=\"https:\/\/vanille-naturelle.com\/en\/mentions-legales\/\" rel=\"nofollow\" class=\"elementor-icon\" tabindex=\"-1\" aria-label=\"Legal Notice\">\n\t\t\t\t<svg aria-hidden=\"true\" class=\"e-font-icon-svg e-far-check-square\" viewbox=\"0 0 448 512\" xmlns=\"http:\/\/www.w3.org\/2000\/svg\"><path d=\"M400 32H48C21.49 32 0 53.49 0 80v352c0 26.51 21.49 48 48 48h352c26.51 0 48-21.49 48-48V80c0-26.51-21.49-48-48-48zm0 400H48V80h352v352zm-35.864-241.724L191.547 361.48c-4.705 4.667-12.303 4.637-16.97-.068l-90.781-91.516c-4.667-4.705-4.637-12.303.069-16.971l22.719-22.536c4.705-4.667 12.303-4.637 16.97.069l59.792 60.277 141.352-140.216c4.705-4.667 12.303-4.637 16.97.068l22.536 22.718c4.667 4.706 4.637 12.304-.068 16.971z\"><\/path><\/svg>\t\t\t\t<\/a>\n\t\t\t<\/div>\n\t\t\t\n\t\t\t\t\t\t<div class=\"elementor-icon-box-content\">\n\n\t\t\t\t\t\t\t\t\t<h3 class=\"elementor-icon-box-title\">\n\t\t\t\t\t\t<a href=\"https:\/\/vanille-naturelle.com\/en\/mentions-legales\/\" rel=\"nofollow\" >\n\t\t\t\t\t\t\tLegal Notice\t\t\t\t\t\t<\/a>\n\t\t\t\t\t<\/h3>\n\t\t\t\t\n\t\t\t\t\n\t\t\t<\/div>\n\t\t\t\n\t\t<\/div>\n\t\t\t\t\t\t<\/div>\n\t\t\t\t<\/div>\n\t\t\t\t<div class=\"elementor-element elementor-element-484b509 elementor-widget__width-initial elementor-view-default elementor-position-top elementor-mobile-position-top elementor-widget elementor-widget-icon-box\" data-id=\"484b509\" data-element_type=\"widget\" data-widget_type=\"icon-box.default\">\n\t\t\t\t<div class=\"elementor-widget-container\">\n\t\t\t\t\t\t\t<div class=\"elementor-icon-box-wrapper\">\n\n\t\t\t\t\t\t<div class=\"elementor-icon-box-icon\">\n\t\t\t\t<a href=\"https:\/\/vanille-naturelle.com\/en\/politique-de-confidentialite\/\" rel=\"nofollow\" class=\"elementor-icon\" tabindex=\"-1\" aria-label=\"Privacy Policy\">\n\t\t\t\t<svg aria-hidden=\"true\" class=\"e-font-icon-svg e-fas-fingerprint\" viewbox=\"0 0 512 512\" xmlns=\"http:\/\/www.w3.org\/2000\/svg\"><path d=\"M256.12 245.96c-13.25 0-24 10.74-24 24 1.14 72.25-8.14 141.9-27.7 211.55-2.73 9.72 2.15 30.49 23.12 30.49 10.48 0 20.11-6.92 23.09-17.52 13.53-47.91 31.04-125.41 29.48-224.52.01-13.25-10.73-24-23.99-24zm-.86-81.73C194 164.16 151.25 211.3 152.1 265.32c.75 47.94-3.75 95.91-13.37 142.55-2.69 12.98 5.67 25.69 18.64 28.36 13.05 2.67 25.67-5.66 28.36-18.64 10.34-50.09 15.17-101.58 14.37-153.02-.41-25.95 19.92-52.49 54.45-52.34 31.31.47 57.15 25.34 57.62 55.47.77 48.05-2.81 96.33-10.61 143.55-2.17 13.06 6.69 25.42 19.76 27.58 19.97 3.33 26.81-15.1 27.58-19.77 8.28-50.03 12.06-101.21 11.27-152.11-.88-55.8-47.94-101.88-104.91-102.72zm-110.69-19.78c-10.3-8.34-25.37-6.8-33.76 3.48-25.62 31.5-39.39 71.28-38.75 112 .59 37.58-2.47 75.27-9.11 112.05-2.34 13.05 6.31 25.53 19.36 27.89 20.11 3.5 27.07-14.81 27.89-19.36 7.19-39.84 10.5-80.66 9.86-121.33-.47-29.88 9.2-57.88 28-80.97 8.35-10.28 6.79-25.39-3.49-33.76zm109.47-62.33c-15.41-.41-30.87 1.44-45.78 4.97-12.89 3.06-20.87 15.98-17.83 28.89 3.06 12.89 16 20.83 28.89 17.83 11.05-2.61 22.47-3.77 34-3.69 75.43 1.13 137.73 61.5 138.88 134.58.59 37.88-1.28 76.11-5.58 113.63-1.5 13.17 7.95 25.08 21.11 26.58 16.72 1.95 25.51-11.88 26.58-21.11a929.06 929.06 0 0 0 5.89-119.85c-1.56-98.75-85.07-180.33-186.16-181.83zm252.07 121.45c-2.86-12.92-15.51-21.2-28.61-18.27-12.94 2.86-21.12 15.66-18.26 28.61 4.71 21.41 4.91 37.41 4.7 61.6-.11 13.27 10.55 24.09 23.8 24.2h.2c13.17 0 23.89-10.61 24-23.8.18-22.18.4-44.11-5.83-72.34zm-40.12-90.72C417.29 43.46 337.6 1.29 252.81.02 183.02-.82 118.47 24.91 70.46 72.94 24.09 119.37-.9 181.04.14 246.65l-.12 21.47c-.39 13.25 10.03 24.31 23.28 24.69.23.02.48.02.72.02 12.92 0 23.59-10.3 23.97-23.3l.16-23.64c-.83-52.5 19.16-101.86 56.28-139 38.76-38.8 91.34-59.67 147.68-58.86 69.45 1.03 134.73 35.56 174.62 92.39 7.61 10.86 22.56 13.45 33.42 5.86 10.84-7.62 13.46-22.59 5.84-33.43z\"><\/path><\/svg>\t\t\t\t<\/a>\n\t\t\t<\/div>\n\t\t\t\n\t\t\t\t\t\t<div class=\"elementor-icon-box-content\">\n\n\t\t\t\t\t\t\t\t\t<h3 class=\"elementor-icon-box-title\">\n\t\t\t\t\t\t<a href=\"https:\/\/vanille-naturelle.com\/en\/politique-de-confidentialite\/\" rel=\"nofollow\" >\n\t\t\t\t\t\t\tPrivacy Policy\t\t\t\t\t\t<\/a>\n\t\t\t\t\t<\/h3>\n\t\t\t\t\n\t\t\t\t\n\t\t\t<\/div>\n\t\t\t\n\t\t<\/div>\n\t\t\t\t\t\t<\/div>\n\t\t\t\t<\/div>\n\t\t\t\t\t<\/div>\n\t\t\t\t<\/div>\n\t\t\t\t<\/div>","protected":false},"excerpt":{"rendered":"<p>Bienvenue sur Vanille-Naturelle.com. Les pr\u00e9sentes Conditions G\u00e9n\u00e9rales d&rsquo;Utilisation r\u00e9gissent votre utilisation du site web Vanille-Naturelle.com (ci-apr\u00e8s d\u00e9nomm\u00e9 le \u00ab\u00a0Site\u00a0\u00bb), propri\u00e9t\u00e9 de Stoi SARL (ci-apr\u00e8s d\u00e9nomm\u00e9 \u00ab\u00a0nous\u00a0\u00bb, \u00ab\u00a0notre\u00a0\u00bb ou \u00ab\u00a0nos\u00a0\u00bb). Veuillez lire attentivement ces CGU avant d&rsquo;utiliser le Site. En acc\u00e9dant au Site, vous acceptez d&rsquo;\u00eatre li\u00e9 par ces CGU. Si vous n&rsquo;acceptez pas ces CGU, [&hellip;]<\/p>","protected":false},"author":7,"featured_media":0,"parent":0,"menu_order":0,"comment_status":"closed","ping_status":"closed","template":"","meta":{"footnotes":""},"class_list":["post-2116","page","type-page","status-publish","hentry"],"aioseo_notices":[],"_links":{"self":[{"href":"https:\/\/vanille-naturelle.com\/en\/wp-json\/wp\/v2\/pages\/2116","targetHints":{"allow":["GET"]}}],"collection":[{"href":"https:\/\/vanille-naturelle.com\/en\/wp-json\/wp\/v2\/pages"}],"about":[{"href":"https:\/\/vanille-naturelle.com\/en\/wp-json\/wp\/v2\/types\/page"}],"author":[{"embeddable":true,"href":"https:\/\/vanille-naturelle.com\/en\/wp-json\/wp\/v2\/users\/7"}],"replies":[{"embeddable":true,"href":"https:\/\/vanille-naturelle.com\/en\/wp-json\/wp\/v2\/comments?post=2116"}],"version-history":[{"count":0,"href":"https:\/\/vanille-naturelle.com\/en\/wp-json\/wp\/v2\/pages\/2116\/revisions"}],"wp:attachment":[{"href":"https:\/\/vanille-naturelle.com\/en\/wp-json\/wp\/v2\/media?parent=2116"}],"curies":[{"name":"wp","href":"https:\/\/api.w.org\/{rel}","templated":true}]}}