{"id":2150,"date":"2023-05-17T08:32:19","date_gmt":"2023-05-17T08:32:19","guid":{"rendered":"https:\/\/stoi.vanille-naturelle.com\/?page_id=2150"},"modified":"2023-05-17T09:01:02","modified_gmt":"2023-05-17T09:01:02","slug":"politique-de-confidentialite","status":"publish","type":"page","link":"https:\/\/vanille-naturelle.com\/en\/politique-de-confidentialite\/","title":{"rendered":"Privacy Policy"},"content":{"rendered":"<div data-elementor-type=\"wp-page\" data-elementor-id=\"2150\" class=\"elementor elementor-2150\" data-elementor-post-type=\"page\">\n\t\t\t\t<div class=\"elementor-element elementor-element-362c9e7 e-flex e-con-boxed e-con e-parent\" data-id=\"362c9e7\" data-element_type=\"container\" data-settings=\"{&quot;background_background&quot;:&quot;classic&quot;}\">\n\t\t\t\t\t<div class=\"e-con-inner\">\n\t\t\t\t<div class=\"elementor-element elementor-element-b994a5f elementor-widget elementor-widget-spacer\" data-id=\"b994a5f\" data-element_type=\"widget\" data-widget_type=\"spacer.default\">\n\t\t\t\t<div class=\"elementor-widget-container\">\n\t\t\t\t\t\t\t<div class=\"elementor-spacer\">\n\t\t\t<div class=\"elementor-spacer-inner\"><\/div>\n\t\t<\/div>\n\t\t\t\t\t\t<\/div>\n\t\t\t\t<\/div>\n\t\t\t\t\t<\/div>\n\t\t\t\t<\/div>\n\t\t<div class=\"elementor-element elementor-element-68a682f e-flex e-con-boxed e-con e-parent\" data-id=\"68a682f\" data-element_type=\"container\" data-settings=\"{&quot;background_background&quot;:&quot;classic&quot;}\">\n\t\t\t\t\t<div class=\"e-con-inner\">\n\t\t\t\t<div class=\"elementor-element elementor-element-2fa9492 elementor-widget__width-inherit elementor-widget elementor-widget-heading\" data-id=\"2fa9492\" data-element_type=\"widget\" data-widget_type=\"heading.default\">\n\t\t\t\t<div class=\"elementor-widget-container\">\n\t\t\t\t\t<h2 class=\"elementor-heading-title elementor-size-default\">Privacy Policy<\/h2>\t\t\t\t<\/div>\n\t\t\t\t<\/div>\n\t\t\t\t<div class=\"elementor-element elementor-element-89cab75 elementor-widget elementor-widget-text-editor\" data-id=\"89cab75\" data-element_type=\"widget\" data-widget_type=\"text-editor.default\">\n\t\t\t\t<div class=\"elementor-widget-container\">\n\t\t\t\t\t\t\t\t\t<p>The protection of your personal data is important to us. This Privacy Policy describes how Stoi SARL (hereinafter referred to as \"we,\" \"our,\" or \"us\") collects, uses, processes, and protects the personal information you provide to us when using the website Vanille-Naturelle.com (hereinafter referred to as the \"Site\"). Please read this policy carefully before using the Site. By accessing the Site, you agree to the practices described in this Privacy Policy.<\/p><ol><li><h3>Collection of personal information<\/h3><p>We collect personal information that you voluntarily provide to us when you fill out contact forms on the Site. The personal information we collect may include your name, email address, phone number, postal address, and any other information you choose to provide.<\/p><\/li><li><h3>Use of personal information<\/h3><p>We use the personal information you provide to respond to your inquiries, provide you with information, products, or services you have requested, and improve your experience on the Site. We may also use your personal information to send you promotional communications or newsletters, but only if you have given your prior consent.<\/p><\/li><li><h3>Retention of personal information<\/h3><p>We retain your personal information for as long as necessary to fulfill the purposes for which it was collected.<\/p><\/li><li><h3>Protection of personal information<\/h3><p>We implement appropriate security measures to protect your personal information against unauthorized access, disclosure, alteration, or destruction. However, no method of data transmission or storage is entirely secure, and we cannot guarantee the absolute security of your information.<\/p><\/li><li><h3>Disclosure of personal information to third parties<\/h3><p>We do not sell, rent, or disclose your personal information to third parties unless necessary to fulfill your requests or required by law. We may share your personal information with third-party service providers who assist us in our business activities, provided they adhere to adequate confidentiality standards.<\/p><\/li><li><h3>Cookies and similar technologies<\/h3><p>The Site may use cookies and other similar technologies to collect information about your use of the Site. These technologies help us improve the Site, personalize your experience, and analyze usage trends. You can configure your browser to reject cookies, but this may limit certain features of the Site.<\/p><\/li><li><h3>Links to Third-Party Websites<\/h3><p>The Site may contain links to third-party websites. We are not responsible for the privacy practices or content of these sites. We encourage you to review the privacy policies of these third-party sites before providing your personal information.<\/p><\/li><li><h3>Modification of the Privacy Policy<\/h3><p>We reserve the right to modify this Privacy Policy at any time. Any changes will be effective upon publication on the Site. We encourage you to<\/p><\/li><\/ol>\t\t\t\t\t\t\t\t<\/div>\n\t\t\t\t<\/div>\n\t\t\t\t<div class=\"elementor-element elementor-element-46167f4 elementor-widget__width-initial elementor-view-default elementor-position-top elementor-mobile-position-top elementor-widget elementor-widget-icon-box\" data-id=\"46167f4\" data-element_type=\"widget\" data-widget_type=\"icon-box.default\">\n\t\t\t\t<div class=\"elementor-widget-container\">\n\t\t\t\t\t\t\t<div class=\"elementor-icon-box-wrapper\">\n\n\t\t\t\t\t\t<div class=\"elementor-icon-box-icon\">\n\t\t\t\t<a href=\"https:\/\/vanille-naturelle.com\/en\/mentions-legales\/\" rel=\"nofollow\" class=\"elementor-icon\" tabindex=\"-1\" aria-label=\"Legal Notice\">\n\t\t\t\t<svg aria-hidden=\"true\" class=\"e-font-icon-svg e-far-check-square\" viewbox=\"0 0 448 512\" xmlns=\"http:\/\/www.w3.org\/2000\/svg\"><path d=\"M400 32H48C21.49 32 0 53.49 0 80v352c0 26.51 21.49 48 48 48h352c26.51 0 48-21.49 48-48V80c0-26.51-21.49-48-48-48zm0 400H48V80h352v352zm-35.864-241.724L191.547 361.48c-4.705 4.667-12.303 4.637-16.97-.068l-90.781-91.516c-4.667-4.705-4.637-12.303.069-16.971l22.719-22.536c4.705-4.667 12.303-4.637 16.97.069l59.792 60.277 141.352-140.216c4.705-4.667 12.303-4.637 16.97.068l22.536 22.718c4.667 4.706 4.637 12.304-.068 16.971z\"><\/path><\/svg>\t\t\t\t<\/a>\n\t\t\t<\/div>\n\t\t\t\n\t\t\t\t\t\t<div class=\"elementor-icon-box-content\">\n\n\t\t\t\t\t\t\t\t\t<h3 class=\"elementor-icon-box-title\">\n\t\t\t\t\t\t<a href=\"https:\/\/vanille-naturelle.com\/en\/mentions-legales\/\" rel=\"nofollow\" >\n\t\t\t\t\t\t\tLegal Notice\t\t\t\t\t\t<\/a>\n\t\t\t\t\t<\/h3>\n\t\t\t\t\n\t\t\t\t\n\t\t\t<\/div>\n\t\t\t\n\t\t<\/div>\n\t\t\t\t\t\t<\/div>\n\t\t\t\t<\/div>\n\t\t\t\t<div class=\"elementor-element elementor-element-5333663 elementor-widget__width-initial elementor-view-default elementor-position-top elementor-mobile-position-top elementor-widget elementor-widget-icon-box\" data-id=\"5333663\" data-element_type=\"widget\" data-widget_type=\"icon-box.default\">\n\t\t\t\t<div class=\"elementor-widget-container\">\n\t\t\t\t\t\t\t<div class=\"elementor-icon-box-wrapper\">\n\n\t\t\t\t\t\t<div class=\"elementor-icon-box-icon\">\n\t\t\t\t<a href=\"https:\/\/vanille-naturelle.com\/en\/conditions-generales-dutilisation-cgu\/\" rel=\"nofollow\" class=\"elementor-icon\" tabindex=\"-1\" aria-label=\"CGU\">\n\t\t\t\t<svg aria-hidden=\"true\" class=\"e-font-icon-svg e-fas-file-invoice\" viewbox=\"0 0 384 512\" xmlns=\"http:\/\/www.w3.org\/2000\/svg\"><path d=\"M288 256H96v64h192v-64zm89-151L279.1 7c-4.5-4.5-10.6-7-17-7H256v128h128v-6.1c0-6.3-2.5-12.4-7-16.9zm-153 31V0H24C10.7 0 0 10.7 0 24v464c0 13.3 10.7 24 24 24h336c13.3 0 24-10.7 24-24V160H248c-13.2 0-24-10.8-24-24zM64 72c0-4.42 3.58-8 8-8h80c4.42 0 8 3.58 8 8v16c0 4.42-3.58 8-8 8H72c-4.42 0-8-3.58-8-8V72zm0 64c0-4.42 3.58-8 8-8h80c4.42 0 8 3.58 8 8v16c0 4.42-3.58 8-8 8H72c-4.42 0-8-3.58-8-8v-16zm256 304c0 4.42-3.58 8-8 8h-80c-4.42 0-8-3.58-8-8v-16c0-4.42 3.58-8 8-8h80c4.42 0 8 3.58 8 8v16zm0-200v96c0 8.84-7.16 16-16 16H80c-8.84 0-16-7.16-16-16v-96c0-8.84 7.16-16 16-16h224c8.84 0 16 7.16 16 16z\"><\/path><\/svg>\t\t\t\t<\/a>\n\t\t\t<\/div>\n\t\t\t\n\t\t\t\t\t\t<div class=\"elementor-icon-box-content\">\n\n\t\t\t\t\t\t\t\t\t<h3 class=\"elementor-icon-box-title\">\n\t\t\t\t\t\t<a href=\"https:\/\/vanille-naturelle.com\/en\/conditions-generales-dutilisation-cgu\/\" rel=\"nofollow\" >\n\t\t\t\t\t\t\tCGU\t\t\t\t\t\t<\/a>\n\t\t\t\t\t<\/h3>\n\t\t\t\t\n\t\t\t\t\n\t\t\t<\/div>\n\t\t\t\n\t\t<\/div>\n\t\t\t\t\t\t<\/div>\n\t\t\t\t<\/div>\n\t\t\t\t\t<\/div>\n\t\t\t\t<\/div>\n\t\t\t\t<\/div>","protected":false},"excerpt":{"rendered":"<p>La protection de vos donn\u00e9es personnelles est importante pour nous. La pr\u00e9sente Politique de Confidentialit\u00e9 d\u00e9crit comment Stoi SARL (ci-apr\u00e8s d\u00e9nomm\u00e9 \u00ab\u00a0nous\u00a0\u00bb, \u00ab\u00a0notre\u00a0\u00bb ou \u00ab\u00a0nos\u00a0\u00bb) collecte, utilise, traite et prot\u00e8ge les informations personnelles que vous nous fournissez lorsque vous utilisez le site web Vanille-Naturelle.com (ci-apr\u00e8s d\u00e9nomm\u00e9 le \u00ab\u00a0Site\u00a0\u00bb). Veuillez lire attentivement cette politique avant d&rsquo;utiliser [&hellip;]<\/p>","protected":false},"author":7,"featured_media":0,"parent":0,"menu_order":0,"comment_status":"closed","ping_status":"closed","template":"","meta":{"footnotes":""},"class_list":["post-2150","page","type-page","status-publish","hentry"],"aioseo_notices":[],"_links":{"self":[{"href":"https:\/\/vanille-naturelle.com\/en\/wp-json\/wp\/v2\/pages\/2150","targetHints":{"allow":["GET"]}}],"collection":[{"href":"https:\/\/vanille-naturelle.com\/en\/wp-json\/wp\/v2\/pages"}],"about":[{"href":"https:\/\/vanille-naturelle.com\/en\/wp-json\/wp\/v2\/types\/page"}],"author":[{"embeddable":true,"href":"https:\/\/vanille-naturelle.com\/en\/wp-json\/wp\/v2\/users\/7"}],"replies":[{"embeddable":true,"href":"https:\/\/vanille-naturelle.com\/en\/wp-json\/wp\/v2\/comments?post=2150"}],"version-history":[{"count":0,"href":"https:\/\/vanille-naturelle.com\/en\/wp-json\/wp\/v2\/pages\/2150\/revisions"}],"wp:attachment":[{"href":"https:\/\/vanille-naturelle.com\/en\/wp-json\/wp\/v2\/media?parent=2150"}],"curies":[{"name":"wp","href":"https:\/\/api.w.org\/{rel}","templated":true}]}}