{"id":2455,"date":"2023-05-18T06:03:41","date_gmt":"2023-05-18T06:03:41","guid":{"rendered":"https:\/\/stoi.vanille-naturelle.com\/?page_id=2455"},"modified":"2024-02-23T21:20:19","modified_gmt":"2024-02-23T18:20:19","slug":"demande-produit-stoi","status":"publish","type":"page","link":"https:\/\/vanille-naturelle.com\/en\/demande-produit-stoi\/","title":{"rendered":"Product request - Stoi"},"content":{"rendered":"<div data-elementor-type=\"wp-page\" data-elementor-id=\"2455\" class=\"elementor elementor-2455\" data-elementor-post-type=\"page\">\n\t\t\t\t<div class=\"elementor-element elementor-element-7732fa1 e-flex e-con-boxed e-con e-parent\" data-id=\"7732fa1\" data-element_type=\"container\" data-settings=\"{&quot;background_background&quot;:&quot;classic&quot;}\">\n\t\t\t\t\t<div class=\"e-con-inner\">\n\t\t\t\t<div class=\"elementor-element elementor-element-41d50bb elementor-widget elementor-widget-heading\" data-id=\"41d50bb\" data-element_type=\"widget\" data-widget_type=\"heading.default\">\n\t\t\t\t<div class=\"elementor-widget-container\">\n\t\t\t\t\t<h1 class=\"elementor-heading-title elementor-size-default\">Stoi madagascar<\/h1>\t\t\t\t<\/div>\n\t\t\t\t<\/div>\n\t\t\t\t<div class=\"elementor-element elementor-element-61e7992 elementor-widget elementor-widget-heading\" data-id=\"61e7992\" data-element_type=\"widget\" data-widget_type=\"heading.default\">\n\t\t\t\t<div class=\"elementor-widget-container\">\n\t\t\t\t\t<h2 class=\"elementor-heading-title elementor-size-default\">Product request - Stoi<\/h2>\t\t\t\t<\/div>\n\t\t\t\t<\/div>\n\t\t\t\t<div class=\"elementor-element elementor-element-1f4cbcb elementor-widget elementor-widget-text-editor\" data-id=\"1f4cbcb\" data-element_type=\"widget\" data-widget_type=\"text-editor.default\">\n\t\t\t\t<div class=\"elementor-widget-container\">\n\t\t\t\t\t\t\t\t\t<p>Thank you for your interest in our natural vanilla products from Madagascar. Please fill out the form below to place your order or request a quote. We will respond to you as soon as possible with all the necessary information.<\/p>\t\t\t\t\t\t\t\t<\/div>\n\t\t\t\t<\/div>\n\t\t\t\t\t<\/div>\n\t\t\t\t<\/div>\n\t\t<div class=\"elementor-element elementor-element-7ec8835 e-flex e-con-boxed e-con e-parent\" data-id=\"7ec8835\" data-element_type=\"container\">\n\t\t\t\t\t<div class=\"e-con-inner\">\n\t\t\t\t<div class=\"elementor-element elementor-element-a2de721 elementor-widget elementor-widget-image\" data-id=\"a2de721\" data-element_type=\"widget\" data-widget_type=\"image.default\">\n\t\t\t\t<div class=\"elementor-widget-container\">\n\t\t\t\t\t\t\t\t\t\t\t\t\t\t\t<img decoding=\"async\" width=\"233\" height=\"44\" src=\"https:\/\/vanille-naturelle.com\/wp-content\/uploads\/2023\/05\/Logo-stoi-sombre.png\" class=\"attachment-large size-large wp-image-2546\" alt=\"Stoi Madagascar Logo\" \/>\t\t\t\t\t\t\t\t\t\t\t\t\t\t\t<\/div>\n\t\t\t\t<\/div>\n\t\t\t\t<div class=\"elementor-element elementor-element-28b8558 elementor-button-align-stretch elementor-widget elementor-widget-form\" data-id=\"28b8558\" data-element_type=\"widget\" data-settings=\"{&quot;step_next_label&quot;:&quot;Next&quot;,&quot;step_previous_label&quot;:&quot;Previous&quot;,&quot;button_width&quot;:&quot;100&quot;,&quot;step_type&quot;:&quot;number_text&quot;,&quot;step_icon_shape&quot;:&quot;circle&quot;}\" data-widget_type=\"form.default\">\n\t\t\t\t<div class=\"elementor-widget-container\">\n\t\t\t\t\t\t\t<form class=\"elementor-form\" method=\"post\" name=\"Demande Produit\" action=\"\">\n\t\t\t<input type=\"hidden\" name=\"post_id\" value=\"2455\"\/>\n\t\t\t<input type=\"hidden\" name=\"form_id\" value=\"28b8558\"\/>\n\t\t\t<input type=\"hidden\" name=\"referer_title\" value=\"\" \/>\n\n\t\t\t\n\t\t\t<div class=\"elementor-form-fields-wrapper elementor-labels-above\">\n\t\t\t\t\t\t\t\t<div class=\"elementor-field-type-text elementor-field-group elementor-column elementor-field-group-name elementor-col-50 elementor-field-required\">\n\t\t\t\t\t\t\t\t\t\t\t\t<label for=\"form-field-name\" class=\"elementor-field-label\">\n\t\t\t\t\t\t\t\tFull name\t\t\t\t\t\t\t<\/label>\n\t\t\t\t\t\t\t\t\t\t\t\t\t\t<input size=\"1\" type=\"text\" name=\"form_fields[name]\" id=\"form-field-name\" class=\"elementor-field elementor-size-sm  elementor-field-textual\" placeholder=\"Full name\" required=\"required\" aria-required=\"true\">\n\t\t\t\t\t\t\t\t\t\t\t<\/div>\n\t\t\t\t\t\t\t\t<div class=\"elementor-field-type-email elementor-field-group elementor-column elementor-field-group-email elementor-col-50 elementor-field-required\">\n\t\t\t\t\t\t\t\t\t\t\t\t<label for=\"form-field-email\" class=\"elementor-field-label\">\n\t\t\t\t\t\t\t\tEmail\t\t\t\t\t\t\t<\/label>\n\t\t\t\t\t\t\t\t\t\t\t\t\t\t<input size=\"1\" type=\"email\" name=\"form_fields[email]\" id=\"form-field-email\" class=\"elementor-field elementor-size-sm  elementor-field-textual\" placeholder=\"Email\" required=\"required\" aria-required=\"true\">\n\t\t\t\t\t\t\t\t\t\t\t<\/div>\n\t\t\t\t\t\t\t\t<div class=\"elementor-field-type-tel elementor-field-group elementor-column elementor-field-group-field_f1349ac elementor-col-50 elementor-field-required\">\n\t\t\t\t\t\t\t\t\t\t\t\t<label for=\"form-field-field_f1349ac\" class=\"elementor-field-label\">\n\t\t\t\t\t\t\t\tPhone\t\t\t\t\t\t\t<\/label>\n\t\t\t\t\t\t\t\t<input size=\"1\" type=\"tel\" name=\"form_fields[field_f1349ac]\" id=\"form-field-field_f1349ac\" class=\"elementor-field elementor-size-sm  elementor-field-textual\" placeholder=\"Phone\" required=\"required\" aria-required=\"true\" pattern=\"[0-9()#&amp;+*-=.]+\" title=\"Only numbers and phone characters (#, -, *, etc) are accepted.\">\n\n\t\t\t\t\t\t<\/div>\n\t\t\t\t\t\t\t\t<div class=\"elementor-field-type-text elementor-field-group elementor-column elementor-field-group-field_7666dc5 elementor-col-50\">\n\t\t\t\t\t\t\t\t\t\t\t\t<label for=\"form-field-field_7666dc5\" class=\"elementor-field-label\">\n\t\t\t\t\t\t\t\tCompany\t\t\t\t\t\t\t<\/label>\n\t\t\t\t\t\t\t\t\t\t\t\t\t\t<input size=\"1\" type=\"text\" name=\"form_fields[field_7666dc5]\" id=\"form-field-field_7666dc5\" class=\"elementor-field elementor-size-sm  elementor-field-textual\" placeholder=\"Company\">\n\t\t\t\t\t\t\t\t\t\t\t<\/div>\n\t\t\t\t\t\t\t\t<div class=\"elementor-field-type-checkbox elementor-field-group elementor-column elementor-field-group-field_9b69263 elementor-col-100\">\n\t\t\t\t\t\t\t\t\t\t\t\t<label for=\"form-field-field_9b69263\" class=\"elementor-field-label\">\n\t\t\t\t\t\t\t\tProduct\t\t\t\t\t\t\t<\/label>\n\t\t\t\t\t\t<div class=\"elementor-field-subgroup  elementor-subgroup-inline\"><span class=\"elementor-field-option\"><input type=\"checkbox\" value=\"Vanille\" id=\"form-field-field_9b69263-0\" name=\"form_fields[field_9b69263][]\"> <label for=\"form-field-field_9b69263-0\">Vanilla<\/label><\/span><span class=\"elementor-field-option\"><input type=\"checkbox\" value=\"Litchis \" id=\"form-field-field_9b69263-1\" name=\"form_fields[field_9b69263][]\"> <label for=\"form-field-field_9b69263-1\">Lychees <\/label><\/span><span class=\"elementor-field-option\"><input type=\"checkbox\" value=\"Riz\" id=\"form-field-field_9b69263-2\" name=\"form_fields[field_9b69263][]\"> <label for=\"form-field-field_9b69263-2\">Rice<\/label><\/span><span class=\"elementor-field-option\"><input type=\"checkbox\" value=\"Haricot blanc\" id=\"form-field-field_9b69263-3\" name=\"form_fields[field_9b69263][]\"> <label for=\"form-field-field_9b69263-3\">Haricot blanc<\/label><\/span><span class=\"elementor-field-option\"><input type=\"checkbox\" value=\"Pois du cap\" id=\"form-field-field_9b69263-4\" name=\"form_fields[field_9b69263][]\"> <label for=\"form-field-field_9b69263-4\">Lima beans<\/label><\/span><span class=\"elementor-field-option\"><input type=\"checkbox\" value=\"Fertilisant - Taroka\" id=\"form-field-field_9b69263-5\" name=\"form_fields[field_9b69263][]\"> <label for=\"form-field-field_9b69263-5\">Fertilizer - Taroka<\/label><\/span><\/div>\t\t\t\t<\/div>\n\t\t\t\t\t\t\t\t<div class=\"elementor-field-type-textarea elementor-field-group elementor-column elementor-field-group-field_a4ca155 elementor-col-100\">\n\t\t\t\t\t\t\t\t\t\t\t\t<label for=\"form-field-field_a4ca155\" class=\"elementor-field-label\">\n\t\t\t\t\t\t\t\tQuestions or remarks\t\t\t\t\t\t\t<\/label>\n\t\t\t\t\t\t<textarea class=\"elementor-field-textual elementor-field  elementor-size-sm\" name=\"form_fields[field_a4ca155]\" id=\"form-field-field_a4ca155\" rows=\"4\" placeholder=\"Questions or remarks\"><\/textarea>\t\t\t\t<\/div>\n\t\t\t\t\t\t\t\t<div class=\"elementor-field-type-text\">\n\t\t\t\t\t<input size=\"1\" type=\"text\" name=\"form_fields[field_d7d1023]\" id=\"form-field-field_d7d1023\" class=\"elementor-field elementor-size-sm\" style=\"display:none !important;\">\t\t\t\t<\/div>\n\t\t\t\t\t\t\t\t<div class=\"elementor-field-type-recaptcha_v3 elementor-field-group elementor-column elementor-field-group-field_1c8b6c4 elementor-col-100 recaptcha_v3-bottomright\">\n\t\t\t\t\t<div class=\"elementor-field\" id=\"form-field-field_1c8b6c4\"><div class=\"elementor-g-recaptcha\" data-sitekey=\"6LcinCgmAAAAABQM3_-UOrdGFIEBVMWPcLdEtbsj\" data-type=\"v3\" data-action=\"Form\" data-badge=\"bottomright\" data-size=\"invisible\"><\/div><\/div>\t\t\t\t<\/div>\n\t\t\t\t\t\t\t\t<div class=\"elementor-field-group elementor-column elementor-field-type-submit elementor-col-100 e-form__buttons\">\n\t\t\t\t\t<button class=\"elementor-button elementor-size-sm\" type=\"submit\">\n\t\t\t\t\t\t<span class=\"elementor-button-content-wrapper\">\n\t\t\t\t\t\t\t\t\t\t\t\t\t\t\t\t\t\t\t\t\t\t<span class=\"elementor-button-text\">Send<\/span>\n\t\t\t\t\t\t\t\t\t\t\t\t\t<\/span>\n\t\t\t\t\t<\/button>\n\t\t\t\t<\/div>\n\t\t\t<\/div>\n\t\t<input type=\"hidden\" name=\"trp-form-language\" value=\"en\"\/><\/form>\n\t\t\t\t\t\t<\/div>\n\t\t\t\t<\/div>\n\t\t\t\t<div class=\"elementor-element elementor-element-bf4d8c8 elementor-widget elementor-widget-text-editor\" data-id=\"bf4d8c8\" data-element_type=\"widget\" data-widget_type=\"text-editor.default\">\n\t\t\t\t<div class=\"elementor-widget-container\">\n\t\t\t\t\t\t\t\t\t<p>(*) Your personal data will be used to process your order<\/p>\t\t\t\t\t\t\t\t<\/div>\n\t\t\t\t<\/div>\n\t\t\t\t\t<\/div>\n\t\t\t\t<\/div>\n\t\t\t\t<\/div>","protected":false},"excerpt":{"rendered":"<p>Stoi madagascar Merci de votre int\u00e9r\u00eat pour nos produits de vanille naturelle de Madagascar. Veuillez remplir le formulaire ci-dessous pour passer votre commande ou demander un devis. Nous vous r\u00e9pondrons dans les plus brefs d\u00e9lais avec toutes les informations n\u00e9cessaires. (*) Vos donn\u00e9es personnelles seront utilis\u00e9es pour le traitement de votre commande<\/p>","protected":false},"author":7,"featured_media":3294,"parent":0,"menu_order":0,"comment_status":"closed","ping_status":"closed","template":"","meta":{"footnotes":""},"class_list":["post-2455","page","type-page","status-publish","has-post-thumbnail","hentry"],"aioseo_notices":[],"_links":{"self":[{"href":"https:\/\/vanille-naturelle.com\/en\/wp-json\/wp\/v2\/pages\/2455","targetHints":{"allow":["GET"]}}],"collection":[{"href":"https:\/\/vanille-naturelle.com\/en\/wp-json\/wp\/v2\/pages"}],"about":[{"href":"https:\/\/vanille-naturelle.com\/en\/wp-json\/wp\/v2\/types\/page"}],"author":[{"embeddable":true,"href":"https:\/\/vanille-naturelle.com\/en\/wp-json\/wp\/v2\/users\/7"}],"replies":[{"embeddable":true,"href":"https:\/\/vanille-naturelle.com\/en\/wp-json\/wp\/v2\/comments?post=2455"}],"version-history":[{"count":0,"href":"https:\/\/vanille-naturelle.com\/en\/wp-json\/wp\/v2\/pages\/2455\/revisions"}],"wp:featuredmedia":[{"embeddable":true,"href":"https:\/\/vanille-naturelle.com\/en\/wp-json\/wp\/v2\/media\/3294"}],"wp:attachment":[{"href":"https:\/\/vanille-naturelle.com\/en\/wp-json\/wp\/v2\/media?parent=2455"}],"curies":[{"name":"wp","href":"https:\/\/api.w.org\/{rel}","templated":true}]}}